{"id":2469,"date":"2021-02-08T09:12:21","date_gmt":"2021-02-08T09:12:21","guid":{"rendered":"https:\/\/bacomusic.fr\/?page_id=2469"},"modified":"2025-06-26T13:11:45","modified_gmt":"2025-06-26T13:11:45","slug":"policy","status":"publish","type":"page","link":"https:\/\/bacomusic.fr\/en\/policy\/","title":{"rendered":"Privacy policy"},"content":{"rendered":"<p>&nbsp;<\/p>\n<h1>Privacy policy<\/h1>\n<p>&nbsp;<\/p>\n<h2><strong>Introduction<\/strong><\/h2>\n<p>With the development of new communication tools, it is necessary to pay particular attention to the protection of privacy. This is why we are committed to respecting the confidentiality of the personal information we collect.<\/p>\n<p>&nbsp;<\/p>\n<h2><strong>Collection of Personal Information<\/strong><\/h2>\n<p>Nous collectons les renseignements suivants :<\/p>\n<ul>\n<li><strong><span style=\"color: #ffcc00;\">Name<\/span><\/strong><\/li>\n<li><strong><span style=\"color: #ffcc00;\">First name<\/span><\/strong><\/li>\n<li><strong><span style=\"color: #ffcc00;\">Postcode<\/span><\/strong><\/li>\n<li><strong><span style=\"color: #ffcc00;\">Email address<\/span><\/strong><\/li>\n<li><strong><span style=\"color: #ffcc00;\">Num\u00e9ro de T\u00e9l\u00e9phone<\/span><\/strong><\/li>\n<li><strong><span style=\"color: #ffcc00;\">Preferences (musical, literary, cinematographic, etc.)<\/span><\/strong><\/li>\n<\/ul>\n<p>The personal information we collect is collected through forms and through the interactivity established between you and our website. We also use, as described in the following section, cookies and\/or log files to collect information about you.<\/p>\n<p>&nbsp;<\/p>\n<h2><strong>Forms and interactivity:<\/strong><\/h2>\n<p>Your personal information is collected by means of a form :<\/p>\n<ul>\n<li><strong><span style=\"color: #ffcc00;\">Website registration form<\/span><\/strong><\/li>\n<li><strong><span style=\"color: #ffcc00;\">Competition<\/span><\/strong><\/li>\n<li><strong><span style=\"color: #ffcc00;\">Double Optin lors de l&rsquo;achat de billetterie<\/span><\/strong><\/li>\n<li><strong><span style=\"color: #ffcc00;\">Inscription \u00e0 la newsletter<\/span><\/strong><\/li>\n<\/ul>\n<p>We use the information thus collected for the following purposes:<\/p>\n<ul>\n<li><strong><span style=\"color: #ffcc00;\">Information \/ Promotional offers<\/span><\/strong><\/li>\n<li><strong><span style=\"color: #ffcc00;\">Statistics<\/span><\/strong><\/li>\n<li><strong><span style=\"color: #ffcc00;\">Contact<\/span><\/strong><\/li>\n<\/ul>\n<p>Your information is also collected through the interactivity that may occur between you and our website in the following ways:<\/p>\n<ul>\n<li><strong><span style=\"color: #ffcc00;\">Statistics<\/span><\/strong><\/li>\n<li><strong><span style=\"color: #ffcc00;\">Contact<\/span><\/strong><\/li>\n<\/ul>\n<p>We use the information thus collected for the following purposes:<\/p>\n<ul>\n<li><strong><span style=\"color: #ffcc00;\">Information or for promotional offers<\/span><\/strong><\/li>\n<\/ul>\n<h2><\/h2>\n<h2><strong>Right of opposition and withdrawal<\/strong><\/h2>\n<p>We are committed to offering you a right of opposition and withdrawal with respect to your personal information.<br \/>\nThe right of opposition is understood to be the possibility offered to Internet users to refuse that their personal information be used for certain purposes mentioned at the time of collection.<\/p>\n<p>The right of withdrawal is understood to be the possibility offered to Internet users to request that their personal information no longer appear, for example, on a mailing list.<\/p>\n<p>To be able to exercise these rights, you can :<br \/>\nHeadquarters: 18, Rue Tiffonet, Bordeaux 33000<br \/>\nMail <strong>info@bacomusic.fr<\/strong><br \/>\nPhone : 05 57 87 12 63<br \/>\nWebsite section\u00a0<strong>https:\/\/bacomusic.fr\/<\/strong><\/p>\n<h2><\/h2>\n<h2><strong>Right of access<\/strong><\/h2>\n<p>We undertake to recognise a right of access and rectification for the persons concerned who wish to consult, modify or even delete information concerning them.<br \/>\nThe exercise of this right will be done :<br \/>\nHeadquarters: 18, Rue Tiffonet, Bordeaux 33000<br \/>\nMail\u00a0<strong>info@bacomusic.fr<\/strong><br \/>\nWebsite section <strong>https:\/\/bacomusic.fr\/\u00a0<\/strong><\/p>\n<h2><\/h2>\n<h2><strong>Security<\/strong><\/h2>\n<p>The personal information we collect is kept in a secure environment. The people working for us are required to respect the confidentiality of your information.<br \/>\nTo ensure the security of your personal information, we use the following measures:<\/p>\n<ul>\n<li><strong><span style=\"color: #ffcc00;\">Computer backup<\/span><\/strong><\/li>\n<li><strong><span style=\"color: #ffcc00;\">Login \/ password<\/span><\/strong><\/li>\n<\/ul>\n<p>We are committed to maintaining a high degree of confidentiality by incorporating the latest technological innovations to ensure the confidentiality of your transactions. However, since no mechanism offers maximum security, a degree of risk is always present when using the Internet to transmit personal information.<\/p>\n<h2><\/h2>\n<h2><strong>Legislation<\/strong><\/h2>\n<p>We undertake to comply with the legislative provisions set out in: French<\/p>","protected":false},"excerpt":{"rendered":"<p>&nbsp; Politique de confidentialit\u00e9 &nbsp; Introduction Devant le d\u00e9veloppement des nouveaux outils de communication, il est n\u00e9cessaire de porter une attention particuli\u00e8re \u00e0 la protection de la vie priv\u00e9e. C\u2019est pourquoi, nous nous engageons \u00e0 respecter la confidentialit\u00e9 des renseignements personnels que nous collectons. &nbsp; Collecte des renseignements personnels Nous collectons les renseignements suivants : [&hellip;]<\/p>\n","protected":false},"author":1,"featured_media":0,"parent":0,"menu_order":0,"comment_status":"closed","ping_status":"closed","template":"","meta":{"_acf_changed":false,"footnotes":""},"class_list":["post-2469","page","type-page","status-publish","hentry"],"acf":[],"_links":{"self":[{"href":"https:\/\/bacomusic.fr\/en\/wp-json\/wp\/v2\/pages\/2469","targetHints":{"allow":["GET"]}}],"collection":[{"href":"https:\/\/bacomusic.fr\/en\/wp-json\/wp\/v2\/pages"}],"about":[{"href":"https:\/\/bacomusic.fr\/en\/wp-json\/wp\/v2\/types\/page"}],"author":[{"embeddable":true,"href":"https:\/\/bacomusic.fr\/en\/wp-json\/wp\/v2\/users\/1"}],"replies":[{"embeddable":true,"href":"https:\/\/bacomusic.fr\/en\/wp-json\/wp\/v2\/comments?post=2469"}],"version-history":[{"count":6,"href":"https:\/\/bacomusic.fr\/en\/wp-json\/wp\/v2\/pages\/2469\/revisions"}],"predecessor-version":[{"id":7300,"href":"https:\/\/bacomusic.fr\/en\/wp-json\/wp\/v2\/pages\/2469\/revisions\/7300"}],"wp:attachment":[{"href":"https:\/\/bacomusic.fr\/en\/wp-json\/wp\/v2\/media?parent=2469"}],"curies":[{"name":"wp","href":"https:\/\/api.w.org\/{rel}","templated":true}]}}